{"id":1723,"date":"2024-08-31T15:41:30","date_gmt":"2024-08-31T22:41:30","guid":{"rendered":"https:\/\/lavozdelaiglesialatina.com\/?page_id=1723"},"modified":"2024-08-31T17:26:42","modified_gmt":"2024-09-01T00:26:42","slug":"donaciones","status":"publish","type":"page","link":"https:\/\/lavozdelaiglesialatina.com\/en\/donaciones\/","title":{"rendered":"Donaciones"},"content":{"rendered":"<div data-elementor-type=\"wp-page\" data-elementor-id=\"1723\" class=\"elementor elementor-1723\" data-elementor-post-type=\"page\">\n\t\t\t\t<div data-dce-background-overlay-color=\"#00ACD3\" data-dce-background-image-url=\"https:\/\/lavozdelaiglesialatina.com\/wp-content\/uploads\/2024\/01\/5594016-1024x683.jpg\" class=\"elementor-element elementor-element-a476cea e-flex e-con-boxed e-con e-parent\" data-id=\"a476cea\" data-element_type=\"container\" data-settings=\"{&quot;background_background&quot;:&quot;classic&quot;}\">\n\t\t\t\t\t<div class=\"e-con-inner\">\n\t\t<div data-dce-background-overlay-color=\"#006AD0\" class=\"elementor-element elementor-element-d4e0d93 e-con-full e-flex e-con e-child\" data-id=\"d4e0d93\" data-element_type=\"container\" data-settings=\"{&quot;background_background&quot;:&quot;classic&quot;}\">\n\t\t\t\t<div class=\"elementor-element elementor-element-8637604 dce_masking-none elementor-widget elementor-widget-image\" data-id=\"8637604\" data-element_type=\"widget\" data-widget_type=\"image.default\">\n\t\t\t\t<div class=\"elementor-widget-container\">\n\t\t\t\t\t\t\t\t\t\t\t\t\t\t\t<img decoding=\"async\" src=\"https:\/\/lavozdelaiglesialatina.com\/wp-content\/uploads\/elementor\/thumbs\/a\u0080\u0094Pngtreea\u0080\u0094volunteer-planting-sapling-concept-illustration_6685824-qtfvqfuqaaiwtf1xf9mc2vzz0yj05w05x70iy1e308.png\" title=\"\u00e2\u0080\u0094Pngtree\u00e2\u0080\u0094volunteer planting sapling concept illustration_6685824\" alt=\"\u00e2\u0080\u0094Pngtree\u00e2\u0080\u0094volunteer planting sapling concept illustration_6685824\" loading=\"lazy\" \/>\t\t\t\t\t\t\t\t\t\t\t\t\t\t\t<\/div>\n\t\t\t\t<\/div>\n\t\t\t\t<\/div>\n\t\t\t\t\t<\/div>\n\t\t\t\t<\/div>\n\t\t<div class=\"elementor-element elementor-element-5575a81 e-flex e-con-boxed e-con e-parent\" data-id=\"5575a81\" data-element_type=\"container\">\n\t\t\t\t\t<div class=\"e-con-inner\">\n\t\t\t\t<div class=\"elementor-element elementor-element-6797c7a elementor-widget elementor-widget-text-editor\" data-id=\"6797c7a\" data-element_type=\"widget\" data-widget_type=\"text-editor.default\">\n\t\t\t\t<div class=\"elementor-widget-container\">\n\t\t\t\t\t\t\t\t\tJuntos, podemos crear un cambio positivo para defender los derechos de la familia tradicional\nConforme al modelo b\u00edblico, que es la uni\u00f3n\nentre un hombre y una mujer y los hijos producto de \u00e9sta. Tus donaciones nos permiten seguir avanzando y establecer los principios de la palabra de Dios para mantener una familia convencional y estar en los medios de comunicaci\u00f3n, realizar actividades de alcance comunitario y mantener todas estas actividades en medio de nuestra sociedad hispana S\u00e9 parte de nuestra misi\u00f3n de servir a los dem\u00e1s y proporcionar recursos vitales para edificar a nuestra familia espiritual y a nuestra comunidad.\t\t\t\t\t\t\t\t<\/div>\n\t\t\t\t<\/div>\n\t\t\t\t\t<\/div>\n\t\t\t\t<\/div>\n\t\t<div class=\"elementor-element elementor-element-7a1e1fd e-flex e-con-boxed e-con e-parent\" data-id=\"7a1e1fd\" data-element_type=\"container\">\n\t\t\t\t\t<div class=\"e-con-inner\">\n\t\t<div data-dce-background-color=\"#FFFFFF\" class=\"elementor-element elementor-element-9b3ee44 e-con-full e-flex e-con e-child\" data-id=\"9b3ee44\" data-element_type=\"container\" data-settings=\"{&quot;background_background&quot;:&quot;classic&quot;}\">\n\t\t\t\t<div class=\"elementor-element elementor-element-816d008 elementor-widget elementor-widget-heading\" data-id=\"816d008\" data-element_type=\"widget\" data-widget_type=\"heading.default\">\n\t\t\t\t<div class=\"elementor-widget-container\">\n\t\t\t\t\t<p class=\"elementor-heading-title elementor-size-default\">Usa tu camara en la App de Zelle Y escanea el Codigo QR<\/p>\t\t\t\t<\/div>\n\t\t\t\t<\/div>\n\t\t\t\t<div class=\"elementor-element elementor-element-f29f277 dce_masking-none elementor-widget elementor-widget-image\" data-id=\"f29f277\" data-element_type=\"widget\" data-widget_type=\"image.default\">\n\t\t\t\t<div class=\"elementor-widget-container\">\n\t\t\t\t\t\t\t\t\t\t\t\t\t\t\t<img decoding=\"async\" src=\"https:\/\/lavozdelaiglesialatina.com\/wp-content\/uploads\/elementor\/thumbs\/Screenshot-2024-08-31-at-11.46.22\u202fAM-1-qtfymp4ft3sehs6wgot6ogl5eup102z9wur4h5e3o0.jpeg\" title=\"Env\u00eda tu Donaci\u00f3n usando la aplicaci\u00f3n de zelle\" alt=\"Env\u00eda tu Donaci\u00f3n usando la aplicaci\u00f3n de zelle\" loading=\"lazy\" \/>\t\t\t\t\t\t\t\t\t\t\t\t\t\t\t<\/div>\n\t\t\t\t<\/div>\n\t\t\t\t<\/div>\n\t\t<div data-dce-background-color=\"#5715E4\" class=\"elementor-element elementor-element-06601a7 e-con-full e-flex e-con e-child\" data-id=\"06601a7\" data-element_type=\"container\" data-settings=\"{&quot;background_background&quot;:&quot;classic&quot;}\">\n\t\t\t\t<div class=\"elementor-element elementor-element-08c99cc dce_masking-none elementor-widget elementor-widget-image\" data-id=\"08c99cc\" data-element_type=\"widget\" data-widget_type=\"image.default\">\n\t\t\t\t<div class=\"elementor-widget-container\">\n\t\t\t\t\t\t\t\t\t\t\t\t\t\t\t<img fetchpriority=\"high\" decoding=\"async\" width=\"1024\" height=\"576\" src=\"https:\/\/lavozdelaiglesialatina.com\/wp-content\/uploads\/2024\/08\/ZELLE_AD-2-1024x576.png\" class=\"attachment-large size-large wp-image-1771\" alt=\"\" srcset=\"https:\/\/lavozdelaiglesialatina.com\/wp-content\/uploads\/2024\/08\/ZELLE_AD-2-1024x576.png 1024w, https:\/\/lavozdelaiglesialatina.com\/wp-content\/uploads\/2024\/08\/ZELLE_AD-2-300x169.png 300w, https:\/\/lavozdelaiglesialatina.com\/wp-content\/uploads\/2024\/08\/ZELLE_AD-2-768x432.png 768w, https:\/\/lavozdelaiglesialatina.com\/wp-content\/uploads\/2024\/08\/ZELLE_AD-2-18x10.png 18w, https:\/\/lavozdelaiglesialatina.com\/wp-content\/uploads\/2024\/08\/ZELLE_AD-2.png 1380w\" sizes=\"(max-width: 1024px) 100vw, 1024px\" \/>\t\t\t\t\t\t\t\t\t\t\t\t\t\t\t<\/div>\n\t\t\t\t<\/div>\n\t\t\t\t<div class=\"elementor-element elementor-element-8c50a18 elementor-widget elementor-widget-text-editor\" data-id=\"8c50a18\" data-element_type=\"widget\" data-widget_type=\"text-editor.default\">\n\t\t\t\t<div class=\"elementor-widget-container\">\n\t\t\t\t\t\t\t\t\t<p>Agradecemos sus donaciones infinitamente.<\/p><p>Si tiene alguna pregunta acerca de el estado de cuenta de sus donativos, llamenos al: 209-864-0001<\/p>\t\t\t\t\t\t\t\t<\/div>\n\t\t\t\t<\/div>\n\t\t\t\t<\/div>\n\t\t\t\t\t<\/div>\n\t\t\t\t<\/div>\n\t\t\t\t<\/div>","protected":false},"excerpt":{"rendered":"<p>Juntos, podemos crear un cambio positivo para defender los derechos de la familia tradicional Conforme al modelo b\u00edblico, que es [&hellip;]<\/p>","protected":false},"author":1,"featured_media":0,"parent":0,"menu_order":0,"comment_status":"closed","ping_status":"closed","template":"","meta":{"site-sidebar-layout":"no-sidebar","site-content-layout":"","ast-site-content-layout":"full-width-container","site-content-style":"default","site-sidebar-style":"default","ast-global-header-display":"","ast-banner-title-visibility":"","ast-main-header-display":"","ast-hfb-above-header-display":"","ast-hfb-below-header-display":"","ast-hfb-mobile-header-display":"","site-post-title":"disabled","ast-breadcrumbs-content":"","ast-featured-img":"disabled","footer-sml-layout":"","theme-transparent-header-meta":"","adv-header-id-meta":"","stick-header-meta":"","header-above-stick-meta":"","header-main-stick-meta":"","header-below-stick-meta":"","astra-migrate-meta-layouts":"default","ast-page-background-enabled":"default","ast-page-background-meta":{"desktop":{"background-color":"var(--ast-global-color-4)","background-image":"","background-repeat":"repeat","background-position":"center center","background-size":"auto","background-attachment":"scroll","background-type":"","background-media":"","overlay-type":"","overlay-color":"","overlay-opacity":"","overlay-gradient":""},"tablet":{"background-color":"","background-image":"","background-repeat":"repeat","background-position":"center center","background-size":"auto","background-attachment":"scroll","background-type":"","background-media":"","overlay-type":"","overlay-color":"","overlay-opacity":"","overlay-gradient":""},"mobile":{"background-color":"","background-image":"","background-repeat":"repeat","background-position":"center center","background-size":"auto","background-attachment":"scroll","background-type":"","background-media":"","overlay-type":"","overlay-color":"","overlay-opacity":"","overlay-gradient":""}},"ast-content-background-meta":{"desktop":{"background-color":"var(--ast-global-color-5)","background-image":"","background-repeat":"repeat","background-position":"center center","background-size":"auto","background-attachment":"scroll","background-type":"","background-media":"","overlay-type":"","overlay-color":"","overlay-opacity":"","overlay-gradient":""},"tablet":{"background-color":"var(--ast-global-color-5)","background-image":"","background-repeat":"repeat","background-position":"center center","background-size":"auto","background-attachment":"scroll","background-type":"","background-media":"","overlay-type":"","overlay-color":"","overlay-opacity":"","overlay-gradient":""},"mobile":{"background-color":"var(--ast-global-color-5)","background-image":"","background-repeat":"repeat","background-position":"center center","background-size":"auto","background-attachment":"scroll","background-type":"","background-media":"","overlay-type":"","overlay-color":"","overlay-opacity":"","overlay-gradient":""}},"footnotes":"","_wpscppro_custom_social_share_image":0,"_facebook_share_type":"","_twitter_share_type":"","_linkedin_share_type":"","_pinterest_share_type":"","_linkedin_share_type_page":"","_instagram_share_type":"","_medium_share_type":"","_threads_share_type":"","_selected_social_profile":[]},"class_list":["post-1723","page","type-page","status-publish","hentry"],"yoast_head":"<!-- This site is optimized with the Yoast SEO plugin v24.4 - https:\/\/yoast.com\/wordpress\/plugins\/seo\/ -->\n<title>Donaciones - la voz de la iglesia latina<\/title>\n<meta name=\"robots\" content=\"index, follow, max-snippet:-1, max-image-preview:large, max-video-preview:-1\" \/>\n<link rel=\"canonical\" href=\"https:\/\/lavozdelaiglesialatina.com\/en\/donaciones\/\" \/>\n<meta property=\"og:locale\" content=\"en_US\" \/>\n<meta property=\"og:type\" content=\"article\" \/>\n<meta property=\"og:title\" content=\"Donaciones - la voz de la iglesia latina\" \/>\n<meta property=\"og:description\" content=\"Juntos, podemos crear un cambio positivo para defender los derechos de la familia tradicional Conforme al modelo b\u00edblico, que es [&hellip;]\" \/>\n<meta property=\"og:url\" content=\"https:\/\/lavozdelaiglesialatina.com\/en\/donaciones\/\" \/>\n<meta property=\"og:site_name\" content=\"la voz de la iglesia latina\" \/>\n<meta property=\"article:publisher\" content=\"https:\/\/www.facebook.com\/profile.php?id=61556483038391\" \/>\n<meta property=\"article:modified_time\" content=\"2024-09-01T00:26:42+00:00\" \/>\n<meta property=\"og:image\" content=\"https:\/\/lavozdelaiglesialatina.com\/wp-content\/uploads\/2024\/08\/ZELLE_AD-2-1024x576.png\" \/>\n<meta name=\"twitter:card\" content=\"summary_large_image\" \/>\n<meta name=\"twitter:label1\" content=\"Est. reading time\" \/>\n\t<meta name=\"twitter:data1\" content=\"2 minutes\" \/>\n<script type=\"application\/ld+json\" class=\"yoast-schema-graph\">{\"@context\":\"https:\/\/schema.org\",\"@graph\":[{\"@type\":\"WebPage\",\"@id\":\"https:\/\/lavozdelaiglesialatina.com\/donaciones\/\",\"url\":\"https:\/\/lavozdelaiglesialatina.com\/donaciones\/\",\"name\":\"Donaciones - la voz de la iglesia latina\",\"isPartOf\":{\"@id\":\"https:\/\/lavozdelaiglesialatina.com\/#website\"},\"primaryImageOfPage\":{\"@id\":\"https:\/\/lavozdelaiglesialatina.com\/donaciones\/#primaryimage\"},\"image\":{\"@id\":\"https:\/\/lavozdelaiglesialatina.com\/donaciones\/#primaryimage\"},\"thumbnailUrl\":\"https:\/\/lavozdelaiglesialatina.com\/wp-content\/uploads\/2024\/08\/ZELLE_AD-2-1024x576.png\",\"datePublished\":\"2024-08-31T22:41:30+00:00\",\"dateModified\":\"2024-09-01T00:26:42+00:00\",\"breadcrumb\":{\"@id\":\"https:\/\/lavozdelaiglesialatina.com\/donaciones\/#breadcrumb\"},\"inLanguage\":\"en-US\",\"potentialAction\":[{\"@type\":\"ReadAction\",\"target\":[\"https:\/\/lavozdelaiglesialatina.com\/donaciones\/\"]}]},{\"@type\":\"ImageObject\",\"inLanguage\":\"en-US\",\"@id\":\"https:\/\/lavozdelaiglesialatina.com\/donaciones\/#primaryimage\",\"url\":\"https:\/\/lavozdelaiglesialatina.com\/wp-content\/uploads\/2024\/08\/ZELLE_AD-2-1024x576.png\",\"contentUrl\":\"https:\/\/lavozdelaiglesialatina.com\/wp-content\/uploads\/2024\/08\/ZELLE_AD-2-1024x576.png\"},{\"@type\":\"BreadcrumbList\",\"@id\":\"https:\/\/lavozdelaiglesialatina.com\/donaciones\/#breadcrumb\",\"itemListElement\":[{\"@type\":\"ListItem\",\"position\":1,\"name\":\"Home\",\"item\":\"https:\/\/lavozdelaiglesialatina.com\/\"},{\"@type\":\"ListItem\",\"position\":2,\"name\":\"Donaciones\"}]},{\"@type\":\"WebSite\",\"@id\":\"https:\/\/lavozdelaiglesialatina.com\/#website\",\"url\":\"https:\/\/lavozdelaiglesialatina.com\/\",\"name\":\"la voz de la iglesia latina\",\"description\":\"Movimiento de Unidad en Jesucristo\",\"potentialAction\":[{\"@type\":\"SearchAction\",\"target\":{\"@type\":\"EntryPoint\",\"urlTemplate\":\"https:\/\/lavozdelaiglesialatina.com\/?s={search_term_string}\"},\"query-input\":{\"@type\":\"PropertyValueSpecification\",\"valueRequired\":true,\"valueName\":\"search_term_string\"}}],\"inLanguage\":\"en-US\"}]}<\/script>\n<!-- \/ Yoast SEO plugin. -->","yoast_head_json":{"title":"Donaciones - la voz de la iglesia latina","robots":{"index":"index","follow":"follow","max-snippet":"max-snippet:-1","max-image-preview":"max-image-preview:large","max-video-preview":"max-video-preview:-1"},"canonical":"https:\/\/lavozdelaiglesialatina.com\/en\/donaciones\/","og_locale":"en_US","og_type":"article","og_title":"Donaciones - la voz de la iglesia latina","og_description":"Juntos, podemos crear un cambio positivo para defender los derechos de la familia tradicional Conforme al modelo b\u00edblico, que es [&hellip;]","og_url":"https:\/\/lavozdelaiglesialatina.com\/en\/donaciones\/","og_site_name":"la voz de la iglesia latina","article_publisher":"https:\/\/www.facebook.com\/profile.php?id=61556483038391","article_modified_time":"2024-09-01T00:26:42+00:00","og_image":[{"url":"https:\/\/lavozdelaiglesialatina.com\/wp-content\/uploads\/2024\/08\/ZELLE_AD-2-1024x576.png","type":"","width":"","height":""}],"twitter_card":"summary_large_image","twitter_misc":{"Est. reading time":"2 minutes"},"schema":{"@context":"https:\/\/schema.org","@graph":[{"@type":"WebPage","@id":"https:\/\/lavozdelaiglesialatina.com\/donaciones\/","url":"https:\/\/lavozdelaiglesialatina.com\/donaciones\/","name":"Donaciones - la voz de la iglesia latina","isPartOf":{"@id":"https:\/\/lavozdelaiglesialatina.com\/#website"},"primaryImageOfPage":{"@id":"https:\/\/lavozdelaiglesialatina.com\/donaciones\/#primaryimage"},"image":{"@id":"https:\/\/lavozdelaiglesialatina.com\/donaciones\/#primaryimage"},"thumbnailUrl":"https:\/\/lavozdelaiglesialatina.com\/wp-content\/uploads\/2024\/08\/ZELLE_AD-2-1024x576.png","datePublished":"2024-08-31T22:41:30+00:00","dateModified":"2024-09-01T00:26:42+00:00","breadcrumb":{"@id":"https:\/\/lavozdelaiglesialatina.com\/donaciones\/#breadcrumb"},"inLanguage":"en-US","potentialAction":[{"@type":"ReadAction","target":["https:\/\/lavozdelaiglesialatina.com\/donaciones\/"]}]},{"@type":"ImageObject","inLanguage":"en-US","@id":"https:\/\/lavozdelaiglesialatina.com\/donaciones\/#primaryimage","url":"https:\/\/lavozdelaiglesialatina.com\/wp-content\/uploads\/2024\/08\/ZELLE_AD-2-1024x576.png","contentUrl":"https:\/\/lavozdelaiglesialatina.com\/wp-content\/uploads\/2024\/08\/ZELLE_AD-2-1024x576.png"},{"@type":"BreadcrumbList","@id":"https:\/\/lavozdelaiglesialatina.com\/donaciones\/#breadcrumb","itemListElement":[{"@type":"ListItem","position":1,"name":"Home","item":"https:\/\/lavozdelaiglesialatina.com\/"},{"@type":"ListItem","position":2,"name":"Donaciones"}]},{"@type":"WebSite","@id":"https:\/\/lavozdelaiglesialatina.com\/#website","url":"https:\/\/lavozdelaiglesialatina.com\/","name":"la voz de la iglesia latina","description":"Movimiento de Unidad en Jesucristo","potentialAction":[{"@type":"SearchAction","target":{"@type":"EntryPoint","urlTemplate":"https:\/\/lavozdelaiglesialatina.com\/?s={search_term_string}"},"query-input":{"@type":"PropertyValueSpecification","valueRequired":true,"valueName":"search_term_string"}}],"inLanguage":"en-US"}]}},"_links":{"self":[{"href":"https:\/\/lavozdelaiglesialatina.com\/en\/wp-json\/wp\/v2\/pages\/1723"}],"collection":[{"href":"https:\/\/lavozdelaiglesialatina.com\/en\/wp-json\/wp\/v2\/pages"}],"about":[{"href":"https:\/\/lavozdelaiglesialatina.com\/en\/wp-json\/wp\/v2\/types\/page"}],"author":[{"embeddable":true,"href":"https:\/\/lavozdelaiglesialatina.com\/en\/wp-json\/wp\/v2\/users\/1"}],"replies":[{"embeddable":true,"href":"https:\/\/lavozdelaiglesialatina.com\/en\/wp-json\/wp\/v2\/comments?post=1723"}],"version-history":[{"count":61,"href":"https:\/\/lavozdelaiglesialatina.com\/en\/wp-json\/wp\/v2\/pages\/1723\/revisions"}],"predecessor-version":[{"id":1795,"href":"https:\/\/lavozdelaiglesialatina.com\/en\/wp-json\/wp\/v2\/pages\/1723\/revisions\/1795"}],"wp:attachment":[{"href":"https:\/\/lavozdelaiglesialatina.com\/en\/wp-json\/wp\/v2\/media?parent=1723"}],"curies":[{"name":"wp","href":"https:\/\/api.w.org\/{rel}","templated":true}]}}